{"id":1259,"date":"2018-08-03T15:02:27","date_gmt":"2018-08-03T13:02:27","guid":{"rendered":"https:\/\/jh.alpardev.com\/?page_id=1259"},"modified":"2024-09-12T01:20:33","modified_gmt":"2024-09-11T23:20:33","slug":"privacy-policy","status":"publish","type":"page","link":"https:\/\/juanjohinojosa.com\/es\/privacy-policy\/","title":{"rendered":"Pol\u00edtica de Privacidad"},"content":{"rendered":"<p class=\"translation-block\">Tu privacidad es importante para juanjohinojosa.com. Esta declaraci\u00f3n de privacidad explica qu\u00e9 datos personales recopilamos de nuestros usuarios y c\u00f3mo los utilizamos. Te recomendamos leer detenidamente estos t\u00e9rminos antes de proporcionar tus datos personales en este sitio web.\n\nLas personas mayores de 14 a\u00f1os pueden utilizar cualquier funcionalidad en la que se ofrezcan datos privados sin el consentimiento previo de sus padres o tutores.\nPara los menores de 14 a\u00f1os, es necesario el consentimiento de sus padres o tutores para el tratamiento de sus datos personales.\nEn ning\u00fan caso se recopilar\u00e1n datos de menores relacionados con su situaci\u00f3n profesional, econ\u00f3mica o la intimidad de otros miembros de la familia sin su consentimiento.\nSi eres menor de 14 a\u00f1os y has accedido a este sitio web sin avisar a tus padres, no debes compartir ninguna informaci\u00f3n personal.\n\nEste sitio web respeta y protege los datos personales de los usuarios. Como usuario, debes saber que tus derechos est\u00e1n garantizados.\n\njuanjohinojosa.com ha adaptado este sitio web para cumplir con los requisitos del Reglamento (UE) 2016\/679 del Parlamento Europeo y del Consejo de 27 de abril de 2016 relativo a la protecci\u00f3n de las personas f\u00edsicas (RGPD), la Ley Org\u00e1nica 3\/2018, de 5 de diciembre, de Protecci\u00f3n de Datos Personales y garant\u00eda de los derechos digitales (LOPDGDD), as\u00ed como con la Ley 34\/2002, de 11 de julio, de Servicios de la Sociedad de la Informaci\u00f3n y de Comercio Electr\u00f3nico (LSSICE o LSSI).<\/p>\n\n\n\n<p class=\"translation-block\"><br><strong>Responsable del Tratamiento<br><\/strong>Juan Jos\u00e9 Hinojosa Juli\u00e1n 39729264F<br>Avenida Ensanche de Vallecas 90, 2\u00baB<br>28051 Madrid<\/p>\n\n\n\n<h3 class=\"wp-block-heading\">\u00bfC\u00f3mo hemos obtenido tus datos?<\/h3>\n\n\n\n<p>Los datos personales tratados en juanjohinojosa.com proceden de:<\/p>\n\n\n\n<ul class=\"wp-block-list\">\n<li>Formulario de Contacto<\/li>\n\n\n\n<li>Formulario de suscripci\u00f3n<\/li>\n\n\n\n<li>Comentarios<\/li>\n\n\n\n<li>Formularios de venta<\/li>\n<\/ul>\n\n\n\n<h3 class=\"wp-block-heading\">\u00bfCu\u00e1les son tus derechos cuando nos facilitas tus datos?<\/h3>\n\n\n\n<p class=\"translation-block\">Cualquier persona tiene derecho a obtener confirmaci\u00f3n sobre si juanjohinojosa.com est\u00e1 tratando sus datos personales.<br>Las personas interesadas tienen derecho a:<\/p>\n\n\n\n<ul class=\"wp-block-list\">\n<li>Solicitar el acceso a los datos personales que les conciernan.<\/li>\n\n\n\n<li>Solicitar la rectificaci\u00f3n o supresi\u00f3n de sus datos.<\/li>\n\n\n\n<li>Solicitar la limitaci\u00f3n del tratamiento.<\/li>\n\n\n\n<li>Oponerse al tratamiento.<\/li>\n\n\n\n<li>Solicitar la portabilidad de los datos.<\/li>\n<\/ul>\n\n\n\n<p class=\"translation-block\">Los interesados pueden acceder a sus datos personales, solicitar la correcci\u00f3n de aquellos que sean inexactos o solicitar su eliminaci\u00f3n cuando, entre otros motivos, los datos ya no sean necesarios para los fines para los que fueron recogidos.\n\nEn determinadas circunstancias, los interesados tambi\u00e9n podr\u00e1n solicitar la limitaci\u00f3n del tratamiento de sus datos, en cuyo caso \u00fanicamente se conservar\u00e1n para el ejercicio o la defensa de reclamaciones.\n\nAl ejercer el derecho a la portabilidad de los datos, los interesados tienen derecho a que sus datos personales se transmitan directamente de un responsable a otro siempre que sea t\u00e9cnicamente posible.\n\nAsimismo, los interesados tienen derecho a la tutela judicial efectiva y a presentar una reclamaci\u00f3n ante la autoridad de control, en este caso, la Agencia Espa\u00f1ola de Protecci\u00f3n de Datos, si consideran que el tratamiento de sus datos personales infringe el Reglamento.<\/p>\n\n\n\n<h3 class=\"wp-block-heading\">\u00bfCu\u00e1l es la finalidad del tratamiento de sus datos personales?<\/h3>\n\n\n\n<p>When a user connects to this website, for example, to comment on a post, send an email to the owner, subscribe, or make a purchase, they provide personal information for which juanjohinojosa.com is responsible. This information may include personal data such as your IP address, name, physical address, email address, phone number, and other information. By providing this information, the user gives their consent for their information to be collected, used, managed, and stored by juanjohinojosa.com, only as described in the Legal Notice and this Privacy Policy.<br>At juanjohinojosa.com, there are different personal data collection systems, and I process the information provided by interested individuals for the following purposes:<\/p>\n\n\n\n<ul class=\"wp-block-list\">\n<li>Formulario de contacto: La finalidad es mantener la comunicaci\u00f3n en relaci\u00f3n con el asunto indicado en el formulario de contacto.<\/li>\n\n\n\n<li>Formulario de suscripci\u00f3n: La finalidad es informar sobre asuntos tanto comerciales como no comerciales.<\/li>\n\n\n\n<li>Comentarios en publicaciones: La finalidad es mostrar informaci\u00f3n sobre el comentario a otros usuarios visitantes, as\u00ed como permitir la comunicaci\u00f3n o alertas si el usuario as\u00ed lo elige.<\/li>\n\n\n\n<li>Formulario de ventas: La finalidad es iniciar la actividad comercial especificada, la cual continuar\u00e1 a trav\u00e9s del correo electr\u00f3nico.<\/li>\n<\/ul>\n\n\n\n<p>Otras finalidades para el tratamiento de sus datos personales incluyen:<\/p>\n\n\n\n<ul class=\"wp-block-list\">\n<li>Garantizar el cumplimiento de los t\u00e9rminos de uso y de la legislaci\u00f3n aplicable. Esto puede incluir el desarrollo de herramientas y algoritmos que ayuden a este sitio web a garantizar la confidencialidad de los datos personales que recopila.<\/li>\n\n\n\n<li>Apoyar y mejorar los servicios ofrecidos por este sitio web.<\/li>\n\n\n\n<li>Recopilar datos no identificables obtenidos a trav\u00e9s de algunas cookies que se descargan en el ordenador del usuario al navegar por este sitio web, las cuales detallo en la pol\u00edtica de cookies.<\/li>\n\n\n\n<li>Gesti\u00f3n de redes sociales: juanjohinojosa.com puede tener presencia en redes sociales. El tratamiento de los datos realizado por las personas que se hagan seguidoras en las p\u00e1ginas de redes sociales de juanjohinojosa.com se regir\u00e1 por este apartado, as\u00ed como por aquellos t\u00e9rminos de uso, pol\u00edticas de privacidad y normativas de acceso propias de la red social correspondiente, previamente aceptadas por el usuario. juanjohinojosa.com tratar\u00e1 sus datos con la finalidad de gestionar correctamente su presencia en la red social, informar sobre actividades, productos o servicios. No se utilizar\u00e1n datos personales con fines publicitarios individuales.<\/li>\n<\/ul>\n\n\n\n<p>juanjohinojosa.com no vende, alquila ni cede datos personales que puedan identificar al usuario, ni lo har\u00e1 en el futuro, a terceros sin el consentimiento previo del mismo. Sin embargo, podr\u00e1n realizarse colaboraciones con otros profesionales, en cuyo caso se requerir\u00e1 el consentimiento de los usuarios, inform\u00e1ndoles de la identidad del colaborador y de la finalidad de la colaboraci\u00f3n. Todas las actuaciones se realizar\u00e1n siguiendo los m\u00e1s estrictos est\u00e1ndares de seguridad.<\/p>\n\n\n\n<h3 class=\"wp-block-heading\">Base legal para procesar tus datos<\/h3>\n\n\n\n<p class=\"translation-block\">La base legal para el tratamiento de sus datos es el **consentimiento**.\nPara poder contactar o realizar comentarios en esta web, se requiere el consentimiento previo a la presente pol\u00edtica de privacidad.\nLa oferta prospectiva o comercial de productos y servicios se fundamenta en el consentimiento solicitado al usuario, sin que la retirada de dicho consentimiento condicione la ejecuci\u00f3n del contrato de suscripci\u00f3n.\nAsimismo, el tratamiento de productos y servicios se basa en los t\u00e9rminos y condiciones establecidos en el aviso legal.<\/p>\n\n\n\n<h3 class=\"wp-block-heading\">Categor\u00eda de datos<\/h3>\n\n\n\n<p>Las categor\u00edas de datos tratados son **datos identificativos**.\nNo se tratan categor\u00edas de datos especialmente protegidos.<\/p>\n\n\n\n<h3 class=\"wp-block-heading\">\u00bfCu\u00e1nto tiempo guardamos tus datos?<\/h3>\n\n\n\n<p>Los datos personales ser\u00e1n guardados:<\/p>\n\n\n\n<ul class=\"wp-block-list\">\n<li>Mientras que se mantenga la relaci\u00f3n comercial.<\/li>\n\n\n\n<li>Hasta que se soliciten eliminar por el interesado.<\/li>\n\n\n\n<li>Por 1 a\u00f1o desde la \u00faltima confirmaci\u00f3n de inter\u00e9s.<\/li>\n<\/ul>","protected":false},"excerpt":{"rendered":"<p>Your privacy is important to juanjohinojosa.com. This privacy statement explains what personal data we collect from our users and how we use it. We encourage you to carefully read these terms before providing your personal data on this website. Individuals over 14 years old may use any functionality where private data is offered without prior [&hellip;]<\/p>\n","protected":false},"author":17030262,"featured_media":0,"parent":0,"menu_order":0,"comment_status":"closed","ping_status":"closed","template":"","meta":{"footnotes":""},"class_list":["post-1259","page","type-page","status-publish","hentry"],"_links":{"self":[{"href":"https:\/\/juanjohinojosa.com\/es\/wp-json\/wp\/v2\/pages\/1259","targetHints":{"allow":["GET"]}}],"collection":[{"href":"https:\/\/juanjohinojosa.com\/es\/wp-json\/wp\/v2\/pages"}],"about":[{"href":"https:\/\/juanjohinojosa.com\/es\/wp-json\/wp\/v2\/types\/page"}],"author":[{"embeddable":true,"href":"https:\/\/juanjohinojosa.com\/es\/wp-json\/wp\/v2\/users\/17030262"}],"replies":[{"embeddable":true,"href":"https:\/\/juanjohinojosa.com\/es\/wp-json\/wp\/v2\/comments?post=1259"}],"version-history":[{"count":3,"href":"https:\/\/juanjohinojosa.com\/es\/wp-json\/wp\/v2\/pages\/1259\/revisions"}],"predecessor-version":[{"id":5392,"href":"https:\/\/juanjohinojosa.com\/es\/wp-json\/wp\/v2\/pages\/1259\/revisions\/5392"}],"wp:attachment":[{"href":"https:\/\/juanjohinojosa.com\/es\/wp-json\/wp\/v2\/media?parent=1259"}],"curies":[{"name":"wp","href":"https:\/\/api.w.org\/{rel}","templated":true}]}}