{"id":1937,"date":"2021-06-06T15:58:40","date_gmt":"2021-06-06T13:58:40","guid":{"rendered":"https:\/\/jh.alpardev.com\/?page_id=1937"},"modified":"2026-03-16T20:42:31","modified_gmt":"2026-03-16T19:42:31","slug":"inicio-2","status":"publish","type":"page","link":"https:\/\/juanjohinojosa.com\/es\/","title":{"rendered":"Inicio base"},"content":{"rendered":"<div data-elementor-type=\"wp-page\" data-elementor-id=\"1937\" class=\"elementor elementor-1937\" data-elementor-post-type=\"page\">\n\t\t\t\t\t\t<section class=\"elementor-section elementor-top-section elementor-element elementor-element-56cc57d elementor-section-boxed elementor-section-height-default elementor-section-height-default\" data-id=\"56cc57d\" data-element_type=\"section\" data-e-type=\"section\">\n\t\t\t\t\t\t<div class=\"elementor-container elementor-column-gap-default\">\n\t\t\t\t\t<div class=\"elementor-column elementor-col-100 elementor-top-column elementor-element elementor-element-9ed0b12\" data-id=\"9ed0b12\" data-element_type=\"column\" data-e-type=\"column\">\n\t\t\t<div class=\"elementor-widget-wrap elementor-element-populated\">\n\t\t\t\t\t\t<div class=\"elementor-element elementor-element-090d10c elementor-widget-divider--view-line elementor-widget elementor-widget-divider\" data-id=\"090d10c\" data-element_type=\"widget\" data-e-type=\"widget\" data-widget_type=\"divider.default\">\n\t\t\t\t<div class=\"elementor-widget-container\">\n\t\t\t\t\t\t\t<div class=\"elementor-divider\">\n\t\t\t<span class=\"elementor-divider-separator\">\n\t\t\t\t\t\t<\/span>\n\t\t<\/div>\n\t\t\t\t\t\t<\/div>\n\t\t\t\t<\/div>\n\t\t\t\t\t<\/div>\n\t\t<\/div>\n\t\t\t\t\t<\/div>\n\t\t<\/section>\n\t\t\t\t<section class=\"elementor-section elementor-top-section elementor-element elementor-element-4fd0e4d elementor-section-boxed elementor-section-height-default elementor-section-height-default\" data-id=\"4fd0e4d\" data-element_type=\"section\" data-e-type=\"section\">\n\t\t\t\t\t\t<div class=\"elementor-container elementor-column-gap-default\">\n\t\t\t\t\t<div class=\"elementor-column elementor-col-100 elementor-top-column elementor-element elementor-element-3ad1f8f\" data-id=\"3ad1f8f\" data-element_type=\"column\" data-e-type=\"column\">\n\t\t\t<div class=\"elementor-widget-wrap elementor-element-populated\">\n\t\t\t\t\t\t<div class=\"elementor-element elementor-element-35eca45 elementor-shape-circle e-grid-align-right elementor-grid-0 elementor-widget elementor-widget-social-icons\" data-id=\"35eca45\" data-element_type=\"widget\" data-e-type=\"widget\" data-widget_type=\"social-icons.default\">\n\t\t\t\t<div class=\"elementor-widget-container\">\n\t\t\t\t\t\t\t<div class=\"elementor-social-icons-wrapper elementor-grid\" role=\"list\">\n\t\t\t\t\t\t\t<span class=\"elementor-grid-item\" role=\"listitem\">\n\t\t\t\t\t<a class=\"elementor-icon elementor-social-icon elementor-social-icon-facebook elementor-repeater-item-12b9309\" href=\"https:\/\/www.facebook.com\/Juanjo-Hinojosa-Page-341569069590278\" target=\"_blank\" rel=\"noopener\">\n\t\t\t\t\t\t<span class=\"elementor-screen-only\">Facebook<\/span>\n\t\t\t\t\t\t<i aria-hidden=\"true\" class=\"fab fa-facebook\"><\/i>\t\t\t\t\t<\/a>\n\t\t\t\t<\/span>\n\t\t\t\t\t\t\t<span class=\"elementor-grid-item\" role=\"listitem\">\n\t\t\t\t\t<a class=\"elementor-icon elementor-social-icon elementor-social-icon-youtube elementor-repeater-item-610f63e\" href=\"https:\/\/www.youtube.com\/user\/juanjohinojosajulian\" target=\"_blank\" rel=\"noopener\">\n\t\t\t\t\t\t<span class=\"elementor-screen-only\">Youtube<\/span>\n\t\t\t\t\t\t<i aria-hidden=\"true\" class=\"fab fa-youtube\"><\/i>\t\t\t\t\t<\/a>\n\t\t\t\t<\/span>\n\t\t\t\t\t\t\t<span class=\"elementor-grid-item\" role=\"listitem\">\n\t\t\t\t\t<a class=\"elementor-icon elementor-social-icon elementor-social-icon-linkedin elementor-repeater-item-abc8081\" href=\"https:\/\/www.linkedin.com\/in\/juanjo-hinojosa-49a78a28\/\" target=\"_blank\" rel=\"noopener\">\n\t\t\t\t\t\t<span class=\"elementor-screen-only\">Linkedin<\/span>\n\t\t\t\t\t\t<i aria-hidden=\"true\" class=\"fab fa-linkedin\"><\/i>\t\t\t\t\t<\/a>\n\t\t\t\t<\/span>\n\t\t\t\t\t\t\t<span class=\"elementor-grid-item\" role=\"listitem\">\n\t\t\t\t\t<a class=\"elementor-icon elementor-social-icon elementor-social-icon-instagram elementor-repeater-item-874b8e8\" href=\"https:\/\/www.instagram.com\/juanjohinojosajulian\/\" target=\"_blank\" rel=\"noopener\">\n\t\t\t\t\t\t<span class=\"elementor-screen-only\">Instagram<\/span>\n\t\t\t\t\t\t<i aria-hidden=\"true\" class=\"fab fa-instagram\"><\/i>\t\t\t\t\t<\/a>\n\t\t\t\t<\/span>\n\t\t\t\t\t<\/div>\n\t\t\t\t\t\t<\/div>\n\t\t\t\t<\/div>\n\t\t\t\t\t<\/div>\n\t\t<\/div>\n\t\t\t\t\t<\/div>\n\t\t<\/section>\n\t\t\t\t<section class=\"elementor-section elementor-top-section elementor-element elementor-element-f21f300 elementor-section-boxed elementor-section-height-default elementor-section-height-default\" data-id=\"f21f300\" data-element_type=\"section\" data-e-type=\"section\">\n\t\t\t\t\t\t<div class=\"elementor-container elementor-column-gap-default\">\n\t\t\t\t\t<div class=\"elementor-column elementor-col-100 elementor-top-column elementor-element elementor-element-e74101d\" data-id=\"e74101d\" data-element_type=\"column\" data-e-type=\"column\">\n\t\t\t<div class=\"elementor-widget-wrap elementor-element-populated\">\n\t\t\t\t\t\t<div class=\"elementor-element elementor-element-8b2b1e5 elementor-widget elementor-widget-image\" data-id=\"8b2b1e5\" data-element_type=\"widget\" data-e-type=\"widget\" data-widget_type=\"image.default\">\n\t\t\t\t<div class=\"elementor-widget-container\">\n\t\t\t\t\t\t\t\t\t\t\t\t\t\t\t<img fetchpriority=\"high\" decoding=\"async\" width=\"800\" height=\"239\" src=\"https:\/\/juanjohinojosa.com\/wp-content\/uploads\/2019\/09\/cropped-portada-jazzy-1.jpg\" class=\"attachment-large size-large wp-image-1868\" alt=\"\" srcset=\"https:\/\/juanjohinojosa.com\/wp-content\/uploads\/2019\/09\/cropped-portada-jazzy-1.jpg 1170w, https:\/\/juanjohinojosa.com\/wp-content\/uploads\/2019\/09\/cropped-portada-jazzy-1-300x90.jpg 300w, https:\/\/juanjohinojosa.com\/wp-content\/uploads\/2019\/09\/cropped-portada-jazzy-1-600x179.jpg 600w\" sizes=\"(max-width: 800px) 100vw, 800px\" \/>\t\t\t\t\t\t\t\t\t\t\t\t\t\t\t<\/div>\n\t\t\t\t<\/div>\n\t\t\t\t<div class=\"elementor-element elementor-element-790c9c6 elementor-widget elementor-widget-spacer\" data-id=\"790c9c6\" data-element_type=\"widget\" data-e-type=\"widget\" data-widget_type=\"spacer.default\">\n\t\t\t\t<div class=\"elementor-widget-container\">\n\t\t\t\t\t\t\t<div class=\"elementor-spacer\">\n\t\t\t<div class=\"elementor-spacer-inner\"><\/div>\n\t\t<\/div>\n\t\t\t\t\t\t<\/div>\n\t\t\t\t<\/div>\n\t\t\t\t\t<\/div>\n\t\t<\/div>\n\t\t\t\t\t<\/div>\n\t\t<\/section>\n\t\t\t\t<section class=\"elementor-section elementor-top-section elementor-element elementor-element-9337faa elementor-section-boxed elementor-section-height-default elementor-section-height-default\" data-id=\"9337faa\" data-element_type=\"section\" data-e-type=\"section\">\n\t\t\t\t\t\t<div class=\"elementor-container elementor-column-gap-default\">\n\t\t\t\t\t<div class=\"elementor-column elementor-col-33 elementor-top-column elementor-element elementor-element-332727a\" data-id=\"332727a\" data-element_type=\"column\" data-e-type=\"column\">\n\t\t\t<div class=\"elementor-widget-wrap elementor-element-populated\">\n\t\t\t\t\t\t<div class=\"elementor-element elementor-element-f6979fa elementor-widget__width-initial elementor-widget elementor-widget-image\" data-id=\"f6979fa\" data-element_type=\"widget\" data-e-type=\"widget\" data-widget_type=\"image.default\">\n\t\t\t\t<div class=\"elementor-widget-container\">\n\t\t\t\t\t\t\t\t\t\t\t\t\t\t\t<img decoding=\"async\" width=\"640\" height=\"960\" src=\"https:\/\/juanjohinojosa.com\/wp-content\/uploads\/2019\/05\/562938_10151726877848178_93204732_n-1.jpg\" class=\"attachment-large size-large wp-image-1388\" alt=\"\" srcset=\"https:\/\/juanjohinojosa.com\/wp-content\/uploads\/2019\/05\/562938_10151726877848178_93204732_n-1.jpg 640w, https:\/\/juanjohinojosa.com\/wp-content\/uploads\/2019\/05\/562938_10151726877848178_93204732_n-1-300x450.jpg 300w, https:\/\/juanjohinojosa.com\/wp-content\/uploads\/2019\/05\/562938_10151726877848178_93204732_n-1-600x900.jpg 600w, https:\/\/juanjohinojosa.com\/wp-content\/uploads\/2019\/05\/562938_10151726877848178_93204732_n-1-200x300.jpg 200w, https:\/\/juanjohinojosa.com\/wp-content\/uploads\/2019\/05\/562938_10151726877848178_93204732_n-1-100x150.jpg 100w, https:\/\/juanjohinojosa.com\/wp-content\/uploads\/2019\/05\/562938_10151726877848178_93204732_n-1-8x12.jpg 8w\" sizes=\"(max-width: 640px) 100vw, 640px\" \/>\t\t\t\t\t\t\t\t\t\t\t\t\t\t\t<\/div>\n\t\t\t\t<\/div>\n\t\t\t\t\t<\/div>\n\t\t<\/div>\n\t\t\t\t<div class=\"elementor-column elementor-col-66 elementor-top-column elementor-element elementor-element-4d8a731\" data-id=\"4d8a731\" data-element_type=\"column\" data-e-type=\"column\">\n\t\t\t<div class=\"elementor-widget-wrap elementor-element-populated\">\n\t\t\t\t\t\t<div class=\"elementor-element elementor-element-e69e231 elementor-widget__width-initial elementor-widget elementor-widget-text-editor\" data-id=\"e69e231\" data-element_type=\"widget\" data-e-type=\"widget\" data-widget_type=\"text-editor.default\">\n\t\t\t\t<div class=\"elementor-widget-container\">\n\t\t\t\t\t\t\t\t\t<p>Nacido en Tarragona (Espa\u00f1a), Juanjo Hinojosa cuenta con una s\u00f3lida y vers\u00e1til formaci\u00f3n en ballet cl\u00e1sico, danza contempor\u00e1nea, bailes de sal\u00f3n y danza jazz, adquirida en prestigiosas instituciones de Reino Unido, Espa\u00f1a, Cuba, Italia y Alemania.<\/p><p><span style=\"text-decoration: underline;\"><strong>Carrera Profesional<\/strong><\/span><br \/>Como bailar\u00edn, ha trabajado en televisi\u00f3n, cine, musicales, \u00f3peras y diversas compa\u00f1\u00edas de danza, principalmente en Europa.<\/p><p><span style=\"text-decoration: underline;\"><strong>Core\u00f3grafo de amplia trayectoria<\/strong><\/span><br \/><span style=\"text-decoration: underline;\">\u2022Espa\u00f1a<\/span>: Real Conservatorio de Madrid (MARIENMA) con \u201cMen Also Dance\u201d, ASUS, L\u2019OR\u00c9AL, Cruz Roja, Tamagotchi BANDAI, la serie de Netflix \u201cAlta Mar\u201d, Teatro KAPITAL.<br \/><span style=\"text-decoration: underline;\">\u2022Alemania<\/span>: TUI Cruises (\u201cRomance &amp; Dance\u201d, \u201cDeutsch Rock Show\u201d, \u201cZeitreise\u201d), MERCEDES Museum, NIVEA, DECATHLON, Castro Entertainment.<br \/><span style=\"text-decoration: underline;\">\u2022Internacional<\/span>: Coreon Du con \u201cAmor Rob\u00f3tico\u201d para Shock Entertainment (Miami) y TPA Angola.<\/p>\t\t\t\t\t\t\t\t<\/div>\n\t\t\t\t<\/div>\n\t\t\t\t\t<\/div>\n\t\t<\/div>\n\t\t\t\t\t<\/div>\n\t\t<\/section>\n\t\t\t\t<section class=\"elementor-section elementor-top-section elementor-element elementor-element-d553fce elementor-section-boxed elementor-section-height-default elementor-section-height-default\" data-id=\"d553fce\" data-element_type=\"section\" data-e-type=\"section\">\n\t\t\t\t\t\t<div class=\"elementor-container elementor-column-gap-default\">\n\t\t\t\t\t<div class=\"elementor-column elementor-col-50 elementor-top-column elementor-element elementor-element-36e0d8b\" data-id=\"36e0d8b\" data-element_type=\"column\" data-e-type=\"column\">\n\t\t\t<div class=\"elementor-widget-wrap elementor-element-populated\">\n\t\t\t\t\t\t<div class=\"elementor-element elementor-element-c5d1e19 elementor-widget elementor-widget-text-editor\" data-id=\"c5d1e19\" data-element_type=\"widget\" data-e-type=\"widget\" data-widget_type=\"text-editor.default\">\n\t\t\t\t<div class=\"elementor-widget-container\">\n\t\t\t\t\t\t\t\t\t<p>\u00a0<\/p><p><span style=\"text-decoration: underline;\"><strong>Formador Internacional<\/strong><\/span><\/p><p>Ha impartido clases y talleres en prestigiosas instituciones y festivales internacionales, entre ellos IMPULSTANZ (Viena), TANZTAGE (Alemania), BOLZANO DANZA (Italia), University of Houston (EE.UU), PINEAPPLE (Londres), DANCEWORX (Nueva Delhi y Bombay) y BGB (Z\u00farich).\u00a0<\/p>\t\t\t\t\t\t\t\t<\/div>\n\t\t\t\t<\/div>\n\t\t\t\t\t<\/div>\n\t\t<\/div>\n\t\t\t\t<div class=\"elementor-column elementor-col-50 elementor-top-column elementor-element elementor-element-037f990\" data-id=\"037f990\" data-element_type=\"column\" data-e-type=\"column\">\n\t\t\t<div class=\"elementor-widget-wrap elementor-element-populated\">\n\t\t\t\t\t\t<div class=\"elementor-element elementor-element-6e7ce5a elementor-widget elementor-widget-heading\" data-id=\"6e7ce5a\" data-element_type=\"widget\" data-e-type=\"widget\" data-widget_type=\"heading.default\">\n\t\t\t\t<div class=\"elementor-widget-container\">\n\t\t\t\t\t<h5 class=\"elementor-heading-title elementor-size-small\">Videorreel de Core\u00f3grafo<\/h5>\t\t\t\t<\/div>\n\t\t\t\t<\/div>\n\t\t\t\t<div class=\"elementor-element elementor-element-49f6d03 elementor-widget elementor-widget-video\" data-id=\"49f6d03\" data-element_type=\"widget\" data-e-type=\"widget\" data-settings=\"{&quot;video_type&quot;:&quot;vimeo&quot;}\" data-widget_type=\"video.default\">\n\t\t\t\t<div class=\"elementor-widget-container\">\n\t\t\t\t\t\t\t<div class=\"elementor-wrapper elementor-open-inline\">\n\t\t\t<iframe class=\"elementor-video-iframe\" allowfullscreen allow=\"clipboard-write\" title=\"Reproductor de v\u00c3\u00addeo vimeo\" src=\"https:\/\/player.vimeo.com\/video\/1005890355?color&amp;autopause=0&amp;loop=0&amp;muted=0&amp;title=0&amp;portrait=0&amp;byline=0#t=\" data-no-translation-title=\"\"><\/iframe>\t\t<\/div>\n\t\t\t\t\t\t<\/div>\n\t\t\t\t<\/div>\n\t\t\t\t\t<\/div>\n\t\t<\/div>\n\t\t\t\t\t<\/div>\n\t\t<\/section>\n\t\t\t\t<section class=\"elementor-section elementor-top-section elementor-element elementor-element-32b458c elementor-section-boxed elementor-section-height-default elementor-section-height-default\" data-id=\"32b458c\" data-element_type=\"section\" data-e-type=\"section\">\n\t\t\t\t\t\t<div class=\"elementor-container elementor-column-gap-default\">\n\t\t\t\t\t<div class=\"elementor-column elementor-col-100 elementor-top-column elementor-element elementor-element-585d28e\" data-id=\"585d28e\" data-element_type=\"column\" data-e-type=\"column\">\n\t\t\t<div class=\"elementor-widget-wrap elementor-element-populated\">\n\t\t\t\t\t\t<div class=\"elementor-element elementor-element-81b8a81 elementor-widget-divider--view-line elementor-widget elementor-widget-divider\" data-id=\"81b8a81\" data-element_type=\"widget\" data-e-type=\"widget\" data-widget_type=\"divider.default\">\n\t\t\t\t<div class=\"elementor-widget-container\">\n\t\t\t\t\t\t\t<div class=\"elementor-divider\">\n\t\t\t<span class=\"elementor-divider-separator\">\n\t\t\t\t\t\t<\/span>\n\t\t<\/div>\n\t\t\t\t\t\t<\/div>\n\t\t\t\t<\/div>\n\t\t\t\t\t<\/div>\n\t\t<\/div>\n\t\t\t\t\t<\/div>\n\t\t<\/section>\n\t\t\t\t<section class=\"elementor-section elementor-top-section elementor-element elementor-element-8b19c68 elementor-section-boxed elementor-section-height-default elementor-section-height-default\" data-id=\"8b19c68\" data-element_type=\"section\" data-e-type=\"section\">\n\t\t\t\t\t\t<div class=\"elementor-container elementor-column-gap-default\">\n\t\t\t\t\t<div class=\"elementor-column elementor-col-50 elementor-top-column elementor-element elementor-element-6b3bde8\" data-id=\"6b3bde8\" data-element_type=\"column\" data-e-type=\"column\">\n\t\t\t<div class=\"elementor-widget-wrap elementor-element-populated\">\n\t\t\t\t\t\t<div class=\"elementor-element elementor-element-7f4ec12 elementor-cta--valign-middle elementor-cta--skin-classic elementor-animated-content elementor-bg-transform elementor-bg-transform-zoom-in elementor-widget elementor-widget-call-to-action\" data-id=\"7f4ec12\" data-element_type=\"widget\" data-e-type=\"widget\" data-widget_type=\"call-to-action.default\">\n\t\t\t\t<div class=\"elementor-widget-container\">\n\t\t\t\t\t\t\t<div class=\"elementor-cta\">\n\t\t\t\t\t<div class=\"elementor-cta__bg-wrapper\">\n\t\t\t\t<div class=\"elementor-cta__bg elementor-bg\" style=\"background-image: url(https:\/\/juanjohinojosa.com\/wp-content\/uploads\/2024\/11\/Captura-de-Pantalla-2024-11-17-a-las-20.11.39-1024x363.png);\" role=\"img\" aria-label=\"Captura de Pantalla 2024-11-17 a las 20.11.39\"><\/div>\n\t\t\t\t<div class=\"elementor-cta__bg-overlay\"><\/div>\n\t\t\t<\/div>\n\t\t\t\t\t\t\t<div class=\"elementor-cta__content\">\n\t\t\t\t\n\t\t\t\t\t\t\t\t\t<h2 class=\"elementor-cta__title elementor-cta__content-item elementor-content-item\">\n\t\t\t\t\t\tSusbr\u00edbete a mi Newsletter \t\t\t\t\t<\/h2>\n\t\t\t\t\n\t\t\t\t\t\t\t\t\t<div class=\"elementor-cta__description elementor-cta__content-item elementor-content-item\">\n\t\t\t\t\t\tSuscr\u00edbete a mi bolet\u00edn para recibir noticias sobre pr\u00f3ximos talleres, contenido formativo y m\u00e1s informaci\u00f3n.\t\t\t\t\t<\/div>\n\t\t\t\t\n\t\t\t\t\t\t\t\t\t<div class=\"elementor-cta__button-wrapper elementor-cta__content-item elementor-content-item\">\n\t\t\t\t\t<a class=\"elementor-cta__button elementor-button elementor-size-\" href=\"https:\/\/juanjohinojosa.ipzmarketing.com\/f\/7OEPKT3fREo\" target=\"_blank\" rel=\"noopener\">\n\t\t\t\t\t\tSuscr\u00edbete ahora\t\t\t\t\t<\/a>\n\t\t\t\t\t<\/div>\n\t\t\t\t\t\t\t<\/div>\n\t\t\t\t\t\t<\/div>\n\t\t\t\t\t\t<\/div>\n\t\t\t\t<\/div>\n\t\t\t\t\t<\/div>\n\t\t<\/div>\n\t\t\t\t<div class=\"elementor-column elementor-col-50 elementor-top-column elementor-element elementor-element-6f66f49\" data-id=\"6f66f49\" data-element_type=\"column\" data-e-type=\"column\">\n\t\t\t<div class=\"elementor-widget-wrap elementor-element-populated\">\n\t\t\t\t\t\t<div class=\"elementor-element elementor-element-ea53a9d elementor-cta--valign-middle e-transform elementor-cta--skin-classic elementor-animated-content elementor-bg-transform elementor-bg-transform-zoom-in elementor-widget elementor-widget-call-to-action\" data-id=\"ea53a9d\" data-element_type=\"widget\" data-e-type=\"widget\" data-settings=\"{&quot;_transform_scale_effect&quot;:{&quot;unit&quot;:&quot;px&quot;,&quot;size&quot;:&quot;&quot;,&quot;sizes&quot;:[]},&quot;_transform_scale_effect_tablet&quot;:{&quot;unit&quot;:&quot;px&quot;,&quot;size&quot;:&quot;&quot;,&quot;sizes&quot;:[]},&quot;_transform_scale_effect_mobile&quot;:{&quot;unit&quot;:&quot;px&quot;,&quot;size&quot;:&quot;&quot;,&quot;sizes&quot;:[]}}\" data-widget_type=\"call-to-action.default\">\n\t\t\t\t<div class=\"elementor-widget-container\">\n\t\t\t\t\t\t\t<div class=\"elementor-cta\">\n\t\t\t\t\t<div class=\"elementor-cta__bg-wrapper\">\n\t\t\t\t<div class=\"elementor-cta__bg elementor-bg\" style=\"background-image: url(https:\/\/juanjohinojosa.com\/wp-content\/uploads\/2024\/11\/Captura-de-Pantalla-2024-11-13-a-las-12.38.26-768x364.png);\" role=\"img\" aria-label=\"Captura de Pantalla 2024-11-13 a las 12.38.26\"><\/div>\n\t\t\t\t<div class=\"elementor-cta__bg-overlay\"><\/div>\n\t\t\t<\/div>\n\t\t\t\t\t\t\t<div class=\"elementor-cta__content\">\n\t\t\t\t\n\t\t\t\t\t\t\t\t\t<h2 class=\"elementor-cta__title elementor-cta__content-item elementor-content-item\">\n\t\t\t\t\t\t\"Jazz You Up\"\t\t\t\t\t<\/h2>\n\t\t\t\t\n\t\t\t\t\t\t\t\t\t<div class=\"elementor-cta__description elementor-cta__content-item elementor-content-item\">\n\t\t\t\t\t\tDescubre la nueva escuela online de Jazz Latino.\nAdaptada a todos los niveles. Mejora tus habilidades de danza.\t\t\t\t\t<\/div>\n\t\t\t\t\n\t\t\t\t\t\t\t\t\t<div class=\"elementor-cta__button-wrapper elementor-cta__content-item elementor-content-item\">\n\t\t\t\t\t<a class=\"elementor-cta__button elementor-button elementor-size-\" href=\"https:\/\/juanjohinojosa.com\/es\/online-school\/\">\n\t\t\t\t\t\tEscuela\t\t\t\t\t<\/a>\n\t\t\t\t\t<\/div>\n\t\t\t\t\t\t\t<\/div>\n\t\t\t\t\t\t<\/div>\n\t\t\t\t\t\t<\/div>\n\t\t\t\t<\/div>\n\t\t\t\t\t<\/div>\n\t\t<\/div>\n\t\t\t\t\t<\/div>\n\t\t<\/section>\n\t\t\t\t<section class=\"elementor-section elementor-top-section elementor-element elementor-element-5f34dc1 elementor-section-boxed elementor-section-height-default elementor-section-height-default\" data-id=\"5f34dc1\" data-element_type=\"section\" data-e-type=\"section\">\n\t\t\t\t\t\t<div class=\"elementor-container elementor-column-gap-default\">\n\t\t\t\t\t<div class=\"elementor-column elementor-col-100 elementor-top-column elementor-element elementor-element-36cde9e\" data-id=\"36cde9e\" data-element_type=\"column\" data-e-type=\"column\">\n\t\t\t<div class=\"elementor-widget-wrap\">\n\t\t\t\t\t\t\t<\/div>\n\t\t<\/div>\n\t\t\t\t\t<\/div>\n\t\t<\/section>\n\t\t\t\t<section class=\"elementor-section elementor-top-section elementor-element elementor-element-70208c1 elementor-section-boxed elementor-section-height-default elementor-section-height-default\" data-id=\"70208c1\" data-element_type=\"section\" data-e-type=\"section\">\n\t\t\t\t\t\t<div class=\"elementor-container elementor-column-gap-default\">\n\t\t\t\t\t<div class=\"elementor-column elementor-col-100 elementor-top-column elementor-element elementor-element-1966e4a\" data-id=\"1966e4a\" data-element_type=\"column\" data-e-type=\"column\">\n\t\t\t<div class=\"elementor-widget-wrap elementor-element-populated\">\n\t\t\t\t\t\t<div class=\"elementor-element elementor-element-aa2ac82 elementor-widget elementor-widget-image\" data-id=\"aa2ac82\" data-element_type=\"widget\" data-e-type=\"widget\" data-widget_type=\"image.default\">\n\t\t\t\t<div class=\"elementor-widget-container\">\n\t\t\t\t\t\t\t\t\t\t\t\t\t\t\t<img decoding=\"async\" width=\"768\" height=\"128\" src=\"https:\/\/juanjohinojosa.com\/wp-content\/uploads\/2025\/05\/Logos-768x128.webp\" class=\"attachment-medium_large size-medium_large wp-image-6326\" alt=\"\" srcset=\"https:\/\/juanjohinojosa.com\/wp-content\/uploads\/2025\/05\/Logos-768x128.webp 768w, https:\/\/juanjohinojosa.com\/wp-content\/uploads\/2025\/05\/Logos-300x50.webp 300w, https:\/\/juanjohinojosa.com\/wp-content\/uploads\/2025\/05\/Logos-600x100.webp 600w, https:\/\/juanjohinojosa.com\/wp-content\/uploads\/2025\/05\/Logos-18x3.webp 18w, https:\/\/juanjohinojosa.com\/wp-content\/uploads\/2025\/05\/Logos-150x25.webp 150w, https:\/\/juanjohinojosa.com\/wp-content\/uploads\/2025\/05\/Logos.webp 783w\" sizes=\"(max-width: 768px) 100vw, 768px\" \/>\t\t\t\t\t\t\t\t\t\t\t\t\t\t\t<\/div>\n\t\t\t\t<\/div>\n\t\t\t\t\t<\/div>\n\t\t<\/div>\n\t\t\t\t\t<\/div>\n\t\t<\/section>\n\t\t\t\t<\/div>","protected":false},"excerpt":{"rendered":"<p>Facebook Youtube Linkedin Instagram Born in Tarragona (Spain), Juanjo Hinojosa has a solid and versatile background in classical ballet, contemporary dance, ballroom dance, and jazz dance, acquired from prestigious institutions in UK, Spain, Cuba, Italy, and Germany. Professional CareerAs a dancer, he has worked in television, film, musicals, operas, and various dance companies, primarily across [&hellip;]<\/p>\n","protected":false},"author":17030262,"featured_media":0,"parent":0,"menu_order":0,"comment_status":"closed","ping_status":"closed","template":"","meta":{"footnotes":""},"class_list":["post-1937","page","type-page","status-publish","hentry"],"_links":{"self":[{"href":"https:\/\/juanjohinojosa.com\/es\/wp-json\/wp\/v2\/pages\/1937","targetHints":{"allow":["GET"]}}],"collection":[{"href":"https:\/\/juanjohinojosa.com\/es\/wp-json\/wp\/v2\/pages"}],"about":[{"href":"https:\/\/juanjohinojosa.com\/es\/wp-json\/wp\/v2\/types\/page"}],"author":[{"embeddable":true,"href":"https:\/\/juanjohinojosa.com\/es\/wp-json\/wp\/v2\/users\/17030262"}],"replies":[{"embeddable":true,"href":"https:\/\/juanjohinojosa.com\/es\/wp-json\/wp\/v2\/comments?post=1937"}],"version-history":[{"count":6,"href":"https:\/\/juanjohinojosa.com\/es\/wp-json\/wp\/v2\/pages\/1937\/revisions"}],"predecessor-version":[{"id":7085,"href":"https:\/\/juanjohinojosa.com\/es\/wp-json\/wp\/v2\/pages\/1937\/revisions\/7085"}],"wp:attachment":[{"href":"https:\/\/juanjohinojosa.com\/es\/wp-json\/wp\/v2\/media?parent=1937"}],"curies":[{"name":"wp","href":"https:\/\/api.w.org\/{rel}","templated":true}]}}